{"id":129,"date":"2013-04-08T19:36:40","date_gmt":"2013-04-08T17:36:40","guid":{"rendered":"http:\/\/projekty.dobrepiksele.eu\/ra-dabrowski\/pl\/?page_id=129"},"modified":"2025-10-20T12:17:27","modified_gmt":"2025-10-20T10:17:27","slug":"windykacja-roszczen-w-niemczech","status":"publish","type":"page","link":"https:\/\/ra-dabrowski.de\/pl\/specjalizacja\/windykacja-roszczen-w-niemczech\/","title":{"rendered":"Prawo Pracy"},"content":{"rendered":"<h2>Prawo Pracy<\/h2>\n<p>Kancelaria specjalizuje si\u0119 r\u00f3wnie\u017c w sprawach zwi\u0105zanych z prawem pracy. W Pa\u0144stwa imieniu dochodzimy roszcze\u0144 ze stosunku pracy:<\/p>\n<ul>\n<li>z tytu\u0142u niezap\u0142aconego wynagrodzenia za prac\u0119 regularn\u0105 jak i za przepracowane nadgodziny<\/li>\n<li>z tytu\u0142u bezzasadnego rozwi\u0105zania umowy o prac\u0119 (w tym zakresie negocjujemy odszkodowanie, odpraw\u0119 pieni\u0119\u017cn\u0105 tzw. Abfindung)<\/li>\n<li>z\u00a0tytu\u0142u roszcze\u0144\u00a0o\u00a0przywr\u00f3cenie do pracy<\/li>\n<\/ul>\n<p>Ponadto \u015bwiadczymy pomoc prawn\u0105 przy sporz\u0105dzaniu\u00a0i\u00a0rozwi\u0105zywaniu um\u00f3w\u00a0o\u00a0prac\u0119.\u00a0Doradzamy podmioty gospodarczych\u00a0w\u00a0zakresie form zatrudnienia.<\/p>\n<p>W razie zainteresowania naszymi us\u0142ugami prawnymi dot. np. wywalczenia odprawy zadzwo\u0144 do nas pod numerem tel.<\/p>\n<p style=\"text-align: center;\"><a href=\"tel:00496995640754\">00496995640754<\/a><\/p>\n<p>lub napisz maila:<\/p>\n<p style=\"text-align: center;\"><a href=\"_wp_link_placeholder\" data-wplink-edit=\"true\">info@ra-dabrowski.de<\/a><\/p>\n<p>Rechtsanwalt Jakub Dabrowski<\/p>\n","protected":false},"excerpt":{"rendered":"<p>Prawo Pracy Kancelaria specjalizuje si\u0119 r\u00f3wnie\u017c w sprawach zwi\u0105zanych z prawem pracy. W Pa\u0144stwa imieniu dochodzimy roszcze\u0144 ze stosunku pracy: [&hellip;]<\/p>\n","protected":false},"author":1,"featured_media":0,"parent":17,"menu_order":0,"comment_status":"open","ping_status":"open","template":"","meta":[],"_links":{"self":[{"href":"https:\/\/ra-dabrowski.de\/pl\/wp-json\/wp\/v2\/pages\/129"}],"collection":[{"href":"https:\/\/ra-dabrowski.de\/pl\/wp-json\/wp\/v2\/pages"}],"about":[{"href":"https:\/\/ra-dabrowski.de\/pl\/wp-json\/wp\/v2\/types\/page"}],"author":[{"embeddable":true,"href":"https:\/\/ra-dabrowski.de\/pl\/wp-json\/wp\/v2\/users\/1"}],"replies":[{"embeddable":true,"href":"https:\/\/ra-dabrowski.de\/pl\/wp-json\/wp\/v2\/comments?post=129"}],"version-history":[{"count":21,"href":"https:\/\/ra-dabrowski.de\/pl\/wp-json\/wp\/v2\/pages\/129\/revisions"}],"predecessor-version":[{"id":563,"href":"https:\/\/ra-dabrowski.de\/pl\/wp-json\/wp\/v2\/pages\/129\/revisions\/563"}],"up":[{"embeddable":true,"href":"https:\/\/ra-dabrowski.de\/pl\/wp-json\/wp\/v2\/pages\/17"}],"wp:attachment":[{"href":"https:\/\/ra-dabrowski.de\/pl\/wp-json\/wp\/v2\/media?parent=129"}],"curies":[{"name":"wp","href":"https:\/\/api.w.org\/{rel}","templated":true}]}}