{"id":17,"date":"2013-02-19T10:51:37","date_gmt":"2013-02-19T08:51:37","guid":{"rendered":"http:\/\/localhost\/prawnik\/?page_id=17"},"modified":"2023-02-12T18:28:55","modified_gmt":"2023-02-12T16:28:55","slug":"specjalizacja","status":"publish","type":"page","link":"https:\/\/ra-dabrowski.de\/pl\/specjalizacja\/","title":{"rendered":"SPECJALIZACJE"},"content":{"rendered":"<h2>Zakres prawa:<\/h2>\n<ul>\n<li><strong>Prawo pracy<\/strong>\n<ul>\n<li>doradztwo i przygotowywanie um\u00f3w o prace,<\/li>\n<li>dochodzenie niewyp\u0142aconych wynagrodze\u0144<\/li>\n<li>reprezentacja w odniesieniu o niezasadne wypowiedzenia \/ negocjowanie odpraw<\/li>\n<\/ul>\n<\/li>\n<\/ul>\n<ul>\n<li><strong>Prawo nieuczciwej konkurencji<\/strong><\/li>\n<\/ul>\n<ul>\n<li><strong>Prawo gospodarcze i sp\u00f3\u0142ek handlowych<\/strong>\n<ul>\n<li>doradztwo w zakresie wyboru odpowiedniej formy prawnej<\/li>\n<li>zak\u0142adanie firm jednoosobowych, dzia\u0142alno\u015bci gospodarczych, filii i odzia\u0142\u00f3w polskiej firmy w Niemczech<\/li>\n<li>przygotowywanie um\u00f3w i statut\u00f3w sp\u00f3\u0142ek<\/li>\n<li>doradztwo i reprezentacja nowo powsta\u0142ej sp\u00f3\u0142ki w pierwszych fazach jej istnienia jak i w sporach<\/li>\n<\/ul>\n<\/li>\n<\/ul>\n<ul>\n<li><strong>Mi\u0119dzynarodowe prawo handlowe\u00a0<\/strong>\n<ul>\n<li>doradztwo, przygotowywanie i negocjacja um\u00f3w<\/li>\n<li>kompleksowa obs\u0142uga prawna mi\u0119dzynarodowych transakcji dotycz\u0105cych przede wszystkim sprzedarzy towar\u00f3w i \u015bwiadczenia us\u0142ug<\/li>\n<li>m. in. egzekucja wierzytelno\u015bci<\/li>\n<\/ul>\n<\/li>\n<\/ul>\n<ul>\n<li><strong>Prawo budowlane<\/strong>\n<ul>\n<li>przygotowywanie um\u00f3w o roboty budowlane \/ o dzie\u0142o na podstawie BGB oraz VOB\/B<\/li>\n<li>doradztwo i reprezentacja firm budowlanych i ich pracownik\u00f3w<\/li>\n<li>przeprowadzanie sadowych samodzielnych postepowa\u0144 dowodowych (<\/li>\n<\/ul>\n<\/li>\n<\/ul>\n<ul>\n<li><strong>Miedzynarodowe Prawo transportowe<\/strong><\/li>\n<\/ul>\n<ul>\n<li><strong>Windykacja i egzekucja wierzytelno\u015bci<\/strong>\n<ul>\n<li>w Polsce, Niemczech i innych krajach UE<\/li>\n<\/ul>\n<\/li>\n<\/ul>\n<ul>\n<li><strong>prawo odszkodowawcze<\/strong><\/li>\n<\/ul>\n<ul>\n<li><strong>Prawo karne oraz karne gospodarcze\u00a0<\/strong><\/li>\n<li><strong>Prawo celne<\/strong><\/li>\n<\/ul>\n","protected":false},"excerpt":{"rendered":"<p>Zakres prawa: Prawo pracy doradztwo i przygotowywanie um\u00f3w o prace, dochodzenie niewyp\u0142aconych wynagrodze\u0144 reprezentacja w odniesieniu o niezasadne wypowiedzenia \/ [&hellip;]<\/p>\n","protected":false},"author":1,"featured_media":0,"parent":0,"menu_order":1,"comment_status":"closed","ping_status":"closed","template":"","meta":[],"_links":{"self":[{"href":"https:\/\/ra-dabrowski.de\/pl\/wp-json\/wp\/v2\/pages\/17"}],"collection":[{"href":"https:\/\/ra-dabrowski.de\/pl\/wp-json\/wp\/v2\/pages"}],"about":[{"href":"https:\/\/ra-dabrowski.de\/pl\/wp-json\/wp\/v2\/types\/page"}],"author":[{"embeddable":true,"href":"https:\/\/ra-dabrowski.de\/pl\/wp-json\/wp\/v2\/users\/1"}],"replies":[{"embeddable":true,"href":"https:\/\/ra-dabrowski.de\/pl\/wp-json\/wp\/v2\/comments?post=17"}],"version-history":[{"count":14,"href":"https:\/\/ra-dabrowski.de\/pl\/wp-json\/wp\/v2\/pages\/17\/revisions"}],"predecessor-version":[{"id":522,"href":"https:\/\/ra-dabrowski.de\/pl\/wp-json\/wp\/v2\/pages\/17\/revisions\/522"}],"wp:attachment":[{"href":"https:\/\/ra-dabrowski.de\/pl\/wp-json\/wp\/v2\/media?parent=17"}],"curies":[{"name":"wp","href":"https:\/\/api.w.org\/{rel}","templated":true}]}}