{"id":19,"date":"2013-02-19T10:52:53","date_gmt":"2013-02-19T08:52:53","guid":{"rendered":"http:\/\/localhost\/prawnik\/?page_id=19"},"modified":"2022-08-07T19:11:10","modified_gmt":"2022-08-07T17:11:10","slug":"dla-firm","status":"publish","type":"page","link":"https:\/\/ra-dabrowski.de\/pl\/dla-firm\/","title":{"rendered":"Prawo pracy"},"content":{"rendered":"<h2><\/h2>\n<p>Dla firm oferujemy kompleksow\u0105 pomoc prawn\u0105 w ka\u017cdym zakresie: od przygotowywania i negocjacji ka\u017cdego rodzaju um\u00f3w (handlowych, o prace itd.) poprzez utrzymywanie przedsi\u0119piorstwa na najnowszym stanie prawnym a\u017c po pomoc w dochodzeniu roszcze\u0144 w Niemczech i Polsce.<\/p>\n<p>Ponadto pomagamy w zak\u0142adaniu sp\u00f3\u0142ek i dzia\u0142alno\u015bci gospodarczych, przy czym reprezentujemy Pa\u0144stwa sp\u00f3\u0142k\u0119 przed urz\u0119dami i wszystkimi innym instytucjami jak np. izb\u0105 handlowo-przemys\u0142ow\u0105.<\/p>\n<p>Nasz\u0105 rozszerzon\u0105 dzia\u0142alno\u015b\u0107 oraz kompleksow\u0105 obs\u0142ug\u0119 prawn\u0105 zawdzi\u0119czamy bliskiej wsp\u00f3\u0142pracy z notariuszami, kancelariami doradztwa podatkowego i gospodarczego jak i r\u00f3wnie\u017c \u00a0polskimi kancelariami prawnymi.<!--:--><\/p>\n","protected":false},"excerpt":{"rendered":"<p>Dla firm oferujemy kompleksow\u0105 pomoc prawn\u0105 w ka\u017cdym zakresie: od przygotowywania i negocjacji ka\u017cdego rodzaju um\u00f3w (handlowych, o prace itd.) [&hellip;]<\/p>\n","protected":false},"author":1,"featured_media":0,"parent":0,"menu_order":2,"comment_status":"closed","ping_status":"closed","template":"","meta":[],"_links":{"self":[{"href":"https:\/\/ra-dabrowski.de\/pl\/wp-json\/wp\/v2\/pages\/19"}],"collection":[{"href":"https:\/\/ra-dabrowski.de\/pl\/wp-json\/wp\/v2\/pages"}],"about":[{"href":"https:\/\/ra-dabrowski.de\/pl\/wp-json\/wp\/v2\/types\/page"}],"author":[{"embeddable":true,"href":"https:\/\/ra-dabrowski.de\/pl\/wp-json\/wp\/v2\/users\/1"}],"replies":[{"embeddable":true,"href":"https:\/\/ra-dabrowski.de\/pl\/wp-json\/wp\/v2\/comments?post=19"}],"version-history":[{"count":7,"href":"https:\/\/ra-dabrowski.de\/pl\/wp-json\/wp\/v2\/pages\/19\/revisions"}],"predecessor-version":[{"id":512,"href":"https:\/\/ra-dabrowski.de\/pl\/wp-json\/wp\/v2\/pages\/19\/revisions\/512"}],"wp:attachment":[{"href":"https:\/\/ra-dabrowski.de\/pl\/wp-json\/wp\/v2\/media?parent=19"}],"curies":[{"name":"wp","href":"https:\/\/api.w.org\/{rel}","templated":true}]}}