{"id":21,"date":"2013-02-19T10:53:30","date_gmt":"2013-02-19T08:53:30","guid":{"rendered":"http:\/\/localhost\/prawnik\/?page_id=21"},"modified":"2018-01-10T16:09:16","modified_gmt":"2018-01-10T14:09:16","slug":"kontakt","status":"publish","type":"page","link":"https:\/\/ra-dabrowski.de\/pl\/kontakt\/","title":{"rendered":"KONTAKT"},"content":{"rendered":"<h2>Formularz kontaktowy<\/h2>\n<p>Je\u017celi chc\u0105 Pa\u0144stwo nawi\u0105za\u0107 z nami kontakt, prosimy o wype\u0142nienie poni\u017cszego formularza.<\/p>\n<p>Zwracamy uwag\u0119, \u017ce bez podania <strong><span style=\"text-decoration: underline;\">numeru telefonu<\/span><\/strong> lub <span style=\"text-decoration: underline;\"><strong>adresu Email<\/strong><\/span> odpowied\u017a z naszej strony nie jest mo\u017cliwa.<\/p>\n<p>&nbsp;<\/p>\n<p>&nbsp;<\/p>\n","protected":false},"excerpt":{"rendered":"<p>Formularz kontaktowy Je\u017celi chc\u0105 Pa\u0144stwo nawi\u0105za\u0107 z nami kontakt, prosimy o wype\u0142nienie poni\u017cszego formularza. Zwracamy uwag\u0119, \u017ce bez podania numeru [&hellip;]<\/p>\n","protected":false},"author":1,"featured_media":0,"parent":0,"menu_order":4,"comment_status":"closed","ping_status":"closed","template":"","meta":[],"_links":{"self":[{"href":"https:\/\/ra-dabrowski.de\/pl\/wp-json\/wp\/v2\/pages\/21"}],"collection":[{"href":"https:\/\/ra-dabrowski.de\/pl\/wp-json\/wp\/v2\/pages"}],"about":[{"href":"https:\/\/ra-dabrowski.de\/pl\/wp-json\/wp\/v2\/types\/page"}],"author":[{"embeddable":true,"href":"https:\/\/ra-dabrowski.de\/pl\/wp-json\/wp\/v2\/users\/1"}],"replies":[{"embeddable":true,"href":"https:\/\/ra-dabrowski.de\/pl\/wp-json\/wp\/v2\/comments?post=21"}],"version-history":[{"count":7,"href":"https:\/\/ra-dabrowski.de\/pl\/wp-json\/wp\/v2\/pages\/21\/revisions"}],"predecessor-version":[{"id":143,"href":"https:\/\/ra-dabrowski.de\/pl\/wp-json\/wp\/v2\/pages\/21\/revisions\/143"}],"wp:attachment":[{"href":"https:\/\/ra-dabrowski.de\/pl\/wp-json\/wp\/v2\/media?parent=21"}],"curies":[{"name":"wp","href":"https:\/\/api.w.org\/{rel}","templated":true}]}}