{"id":22,"date":"2013-02-19T10:54:12","date_gmt":"2013-02-19T08:54:12","guid":{"rendered":"http:\/\/localhost\/prawnik\/?page_id=22"},"modified":"2014-08-14T13:17:21","modified_gmt":"2014-08-14T11:17:21","slug":"impressum","status":"publish","type":"page","link":"https:\/\/ra-dabrowski.de\/pl\/impressum\/","title":{"rendered":"IMPRESSUM"},"content":{"rendered":"<h2>IMPRESSUM<\/h2>\n<p><span style=\"text-decoration: underline\">Pflichtangaben nach \u00a7 5 TMG und DLInfoVO:<\/span><\/p>\n<p>Rechtsanwalt Jakub Piotr Dabrowski ist in der Bundesrepublik Deutschland als Rechtsanwalt zugelassen.<\/p>\n<p>Ust.-IdNr.: DE279580330<\/p>\n<p><span style=\"text-decoration: underline\">Zust\u00e4ndige Aufsichtsbeh\u00f6rde:<\/span><\/p>\n<p>Rechtsanwaltskammer Frankfurt am Main,\u00a0Bockenheimer Anlage 36, 60322 Frankfurt am Main,\u00a0Tel.: 069-17 00 98-0 (www.rechtsanwaltskammer-ffm.de).<\/p>\n<p><span style=\"text-decoration: underline\">Berufshaftpflichtversicherung:<\/span><\/p>\n<p>Rechtsanwalt Jakub Piotr Dabrowski ist\u00a0verm\u00f6gensschadenhaftpflichtversichert bei der<\/p>\n<p>HDI Versicherung AG,\u00a0HDI-Platz 1,\u00a030659 Hannover<\/p>\n<p>R\u00e4umlicher Geltungsbereich: im gesamten EU-Gebiet und den Staaten des Abkommens \u00fcber den Europ\u00e4ischen Wirtschaftsraum.<\/p>\n<p><span style=\"text-decoration: underline\">Ma\u00dfgebliche berufsrechtliche Regelungen:<\/span><\/p>\n<p>-BRAO &#8211; Bundesrechtsanwaltsordnung<br \/>\n-BORA &#8211; Berufsordnung f\u00fcr Rechtsanw\u00e4lte<br \/>\n-FAO &#8211; Fachanwaltsordnung<br \/>\n-RVG &#8211; Gesetz \u00fcber die Verg\u00fctung der Rechtsanw\u00e4ltinnen und Rechtsanw\u00e4lte<br \/>\n-CCBE &#8211; Berufsregeln der Rechtsanw\u00e4lte der Europ\u00e4ischen Gemeinschaft<br \/>\n-EURAG- Gesetz \u00fcber die T\u00e4tigkeit europ\u00e4ischer Rechtsanw\u00e4lte in Deutschland<\/p>\n<p>Die berufsrechtlichen Regelungen k\u00f6nnen z.B. \u00fcber die Homepage der Bundesrechtsanwaltkammer in der Rubrik &#8220;Berufsrecht&#8221; auf Deutsch und Englisch eingesehen und abgerufen werden (www.brak.de).<\/p>\n<p><span style=\"text-decoration: underline\">Allgemeine Hinweise:<\/span><\/p>\n<ul>\n<li>Alle Texte und Bilder dieser Internetseite sind gem\u00e4\u00df Urheberrechtsgesetz\u00a0<strong>urheberrechtlich gesch\u00fctzt<\/strong>. Eine Verwendung bedarf der vorherigen schriftlichen Genehmigung des Verfassers.<\/li>\n<li>Der Autor beh\u00e4lt sich ausdr\u00fccklich vor, Seiten ohne gesonderte Ank\u00fcndigung zu ver\u00e4ndern, zu erg\u00e4nzen, zu l\u00f6schen oder die Ver\u00f6ffentlichung zeitweise oder endg\u00fcltig einzustellen.<\/li>\n<\/ul>\n<p><span style=\"text-decoration: underline\">Haftung:<\/span><\/p>\n<ul>\n<li>Die auf der Internetseite dargelegten Daten und Informationen sind\u00a0<strong>unverbindlich<\/strong>. Es wird keine Haftung f\u00fcr Richtigkeit, Vollst\u00e4ndigkeit oder Aktualit\u00e4t jeglicher Daten und Informationen \u00fcbernommen.<\/li>\n<li>Der Autor beh\u00e4lt sich ausdr\u00fccklich vor, Seiten ohne gesonderte Ank\u00fcndigung zu ver\u00e4ndern, zu erg\u00e4nzen, zu l\u00f6schen oder die Ver\u00f6ffentlichung zeitweise oder endg\u00fcltig einzustellen.<\/li>\n<li>Der Verfasser \u00fcbernimmt keine Verantwortung f\u00fcr die Inhalte auf die von ihm verwiesenen Internetseiten. F\u00fcr den Inhalt der verlinkten Seiten sind ausschlie\u00dflich deren Betreiber verantwortlich.<\/li>\n<\/ul>\n<p><span style=\"text-decoration: underline\">Datenschutz:<\/span><\/p>\n<p>Sofern innerhalb des Internetangebotes die M\u00f6glichkeit zur Eingabe pers\u00f6nlicher Daten (E-Mail Adressen, Namen, Anschrift etc.) besteht, so erfolgt die Preisgabe dieser Daten seitens der Nutzers auf ausdr\u00fccklich freiwilliger Basis. Sie erkl\u00e4ren Ihr Einverst\u00e4ndnis, dass diese Daten hier verarbeitet und genutzt werden k\u00f6nnen.<\/p>\n<p><span style=\"text-decoration: underline\">Kommunikation:<\/span><\/p>\n<p>Kommunikation per E-Mail kann Sicherheitsl\u00fccken aufweisen. Beispielsweise k\u00f6nnen E-Mails auf ihrem Weg an die Mitarbeiter unserer Kanzlei von versierten Internetnutzern aufgehalten und eingesehen werden. Sollten wir eine E-Mail von Ihnen erhalten, gehen wir davon aus, dass wir zu einer Beantwortung per E-Mail berechtigt sind. Ansonsten weisen Sie bitte ausdr\u00fccklich auf eine andere Art der Kommunikation hin.<\/p>\n<p><span style=\"text-decoration: underline\">Externe Links:<\/span><\/p>\n<p>Wir erkl\u00e4ren ausdr\u00fccklich, dass wir keinen Einfluss auf die Gestaltung und die Inhalte der gelinkten Seiten haben. Deshalb distanzieren wir uns ausdr\u00fccklich von allen Inhalten der gelinkten Seiten auf der gesamten Homepage einschlie\u00dflich aller Unterseiten.<\/p>\n<p>Diese Erkl\u00e4rung gilt f\u00fcr alle auf unserer Homepage angezeigten Links und f\u00fcr die Inhalte aller Seiten, zu denen Links f\u00fchren. Trotz sorgf\u00e4ltiger Kontrollen k\u00f6nnen wir keine Haftung f\u00fcr die Inhalte externer Links \u00fcbernehmen. F\u00fcr den Inhalt der verlinkten Seiten ist ausschlie\u00dflich deren Betreiber verantwortlich. Die ver\u00f6ffentlichten Links werden mit gr\u00f6\u00dftm\u00f6glicher Sorgfalt recherchiert und zusammengestellt. Wir haben aber keinen Einfluss auf die aktuelle und zuk\u00fcnftige Gestaltung und Inhalte der verlinkten Seiten. Daher schlie\u00dfen wir eine Verantwortung f\u00fcr den Inhalt der verkn\u00fcpften Seiten aus und machen uns den Inhalt nicht zu Eigen.<\/p>\n<p>&nbsp;<\/p>\n<p><!--:--><!--:pl--><\/p>\n","protected":false},"excerpt":{"rendered":"<p>IMPRESSUM Pflichtangaben nach \u00a7 5 TMG und DLInfoVO: Rechtsanwalt Jakub Piotr Dabrowski ist in der Bundesrepublik Deutschland als Rechtsanwalt zugelassen. [&hellip;]<\/p>\n","protected":false},"author":1,"featured_media":0,"parent":0,"menu_order":6,"comment_status":"closed","ping_status":"closed","template":"","meta":[],"_links":{"self":[{"href":"https:\/\/ra-dabrowski.de\/pl\/wp-json\/wp\/v2\/pages\/22"}],"collection":[{"href":"https:\/\/ra-dabrowski.de\/pl\/wp-json\/wp\/v2\/pages"}],"about":[{"href":"https:\/\/ra-dabrowski.de\/pl\/wp-json\/wp\/v2\/types\/page"}],"author":[{"embeddable":true,"href":"https:\/\/ra-dabrowski.de\/pl\/wp-json\/wp\/v2\/users\/1"}],"replies":[{"embeddable":true,"href":"https:\/\/ra-dabrowski.de\/pl\/wp-json\/wp\/v2\/comments?post=22"}],"version-history":[{"count":10,"href":"https:\/\/ra-dabrowski.de\/pl\/wp-json\/wp\/v2\/pages\/22\/revisions"}],"predecessor-version":[{"id":156,"href":"https:\/\/ra-dabrowski.de\/pl\/wp-json\/wp\/v2\/pages\/22\/revisions\/156"}],"wp:attachment":[{"href":"https:\/\/ra-dabrowski.de\/pl\/wp-json\/wp\/v2\/media?parent=22"}],"curies":[{"name":"wp","href":"https:\/\/api.w.org\/{rel}","templated":true}]}}