{"id":264,"date":"2013-05-17T12:55:30","date_gmt":"2013-05-17T10:55:30","guid":{"rendered":"http:\/\/ra-dabrowski.de\/pl\/?page_id=264"},"modified":"2013-12-28T17:45:33","modified_gmt":"2013-12-28T15:45:33","slug":"prawo-konkurencji","status":"publish","type":"page","link":"https:\/\/ra-dabrowski.de\/pl\/o-nas\/prawo-konkurencji\/","title":{"rendered":"Prawo Konkurencji"},"content":{"rendered":"<p><span style=\"color: #0000ff\"><strong>Niemieckie Prawo Konkurencji<\/strong><\/span><\/p>\n<p>Zwalczanie nieuczciwej konkurencji<\/p>\n<p>Nieprzestrzeganie zawi\u0142ego i w du\u017cej mierze opartego na orzecznictwie niem. prawa o konkurencji przez przedsi\u0119biorstwa prowadz\u0105ce sprzeda\u017c internetow\u0105 na terenia Niemiec mo\u017ce doprowadzi\u0107 do upomnienia (\u201eAbmahnung\u201d) ze strony firmy konkurencyjnej oraz wymuszenia podpisania zobowi\u0105zania do przestrzegania warunk\u00f3w prawa niemieckiego (\u201estrafbewehrte Unterlassungserkl\u00e4rung\u201d). \u00a0W zakresie prawa o nieuczciwej konkurencji doradzamy jak unikn\u0105\u0107 naruszenia postanowie\u0144 prawa niemieckiego o nieuczciwej konkurencji, przepis\u00f3w o umowach zbytu na odleg\u0142o\u015b\u0107 czy rozporz\u0105dzenia dot. podawania cen przy sprzeda\u017cy produkt\u00f3w w internecie. W tym zakresie reprezentujemy Pa\u0144stwa r\u00f3wnie\u017c w sporach mi\u0119dzynarodowych.<\/p>\n<p>Dla ka\u017cdego podmiotu gospodarczego, kt\u00f3ry zamierza wprowadza\u0107 sw\u00f3j produkt na rynek lub jest ju\u017c na nim aktywny, prawo konkurencji jest jedn\u0105 z najistotniejszych dziedzin prawa. Ka\u017cde posuni\u0119cie w ramach dzia\u0142alno\u015bci jako podmiot gospodarczy, jak np. reklama, prezentacja na stronie internetowej lub dystrybucja towar\u00f3w mog\u0105 stwarza\u0107 problemy z zakresu prawa konkurencji. Konkurenci na rynkach mog\u0105 wyst\u0119powa\u0107 przeciwko konkurentom w ramach mo\u017cliwo\u015bci jakie stwarza prawo nieuczciwej konkurencji i z powodu narusze\u0144 wstrzyma\u0107 ca\u0142e kampanie i wprowadzony towar.<\/p>\n<p>Kancelaria reprezentuje naszych klient\u00f3w przede wszyskim w sporach z konkurentami, jak i r\u00f3wnie\u017c ze zwi\u0105zkami gospodarczymi i zwi\u0105zkami konsumet\u00f3w. Kancelaria wzywa konkurent\u00f3w do zaniechania naruszenia i reaguje na wezwania, sk\u0142ada w imieniu klient\u00f3w tak zwane procesowe pisma ochronne.<\/p>\n<p>Reprezentujemy naszych klient\u00f3w na terenie ca\u0142ych Niemiec we wszystkich rodzajach post\u0119powa\u0144 m.in. post\u0119powaniach o tymczasowe rozporz\u0105dzenie s\u0105dowe czy w post\u0119powaniach dotycz\u0105cych g\u0142\u00f3wnego przedmiotu sporu.<\/p>\n","protected":false},"excerpt":{"rendered":"<p>Niemieckie Prawo Konkurencji Zwalczanie nieuczciwej konkurencji Nieprzestrzeganie zawi\u0142ego i w du\u017cej mierze opartego na orzecznictwie niem. prawa o konkurencji przez [&hellip;]<\/p>\n","protected":false},"author":2,"featured_media":0,"parent":7,"menu_order":2,"comment_status":"open","ping_status":"open","template":"","meta":[],"_links":{"self":[{"href":"https:\/\/ra-dabrowski.de\/pl\/wp-json\/wp\/v2\/pages\/264"}],"collection":[{"href":"https:\/\/ra-dabrowski.de\/pl\/wp-json\/wp\/v2\/pages"}],"about":[{"href":"https:\/\/ra-dabrowski.de\/pl\/wp-json\/wp\/v2\/types\/page"}],"author":[{"embeddable":true,"href":"https:\/\/ra-dabrowski.de\/pl\/wp-json\/wp\/v2\/users\/2"}],"replies":[{"embeddable":true,"href":"https:\/\/ra-dabrowski.de\/pl\/wp-json\/wp\/v2\/comments?post=264"}],"version-history":[{"count":7,"href":"https:\/\/ra-dabrowski.de\/pl\/wp-json\/wp\/v2\/pages\/264\/revisions"}],"predecessor-version":[{"id":335,"href":"https:\/\/ra-dabrowski.de\/pl\/wp-json\/wp\/v2\/pages\/264\/revisions\/335"}],"up":[{"embeddable":true,"href":"https:\/\/ra-dabrowski.de\/pl\/wp-json\/wp\/v2\/pages\/7"}],"wp:attachment":[{"href":"https:\/\/ra-dabrowski.de\/pl\/wp-json\/wp\/v2\/media?parent=264"}],"curies":[{"name":"wp","href":"https:\/\/api.w.org\/{rel}","templated":true}]}}