{"id":266,"date":"2013-05-17T13:22:27","date_gmt":"2013-05-17T11:22:27","guid":{"rendered":"http:\/\/ra-dabrowski.de\/pl\/?page_id=266"},"modified":"2015-01-07T20:50:43","modified_gmt":"2015-01-07T18:50:43","slug":"prawo-budowlane","status":"publish","type":"page","link":"https:\/\/ra-dabrowski.de\/pl\/o-nas\/prawo-budowlane\/","title":{"rendered":"Prawo Budowlane"},"content":{"rendered":"<p><strong><span style=\"color: #0000ff\">Niemieckie Prawo Budowlane<\/span><\/strong><\/p>\n<p>Szczeg\u00f3lnie niebezpieczne dla dzia\u0142alno\u015bci gospodarczej \u015bwiadcz\u0105cej us\u0142ugi budowlane jest brak dog\u0142\u0119bnej znajomo\u015bci niemieckich przepis\u00f3w prawnych reguluj\u0105cych prawo budowlane takich jak niemiecki Kodeks Cywilny czy specjalne przepisy VOB. Zw\u0142aszcza nieprzestrzeganie tych ostatnich mo\u017ce doprowadzi\u0107 nawet do zagro\u017cenia jej bytu na rynku. Spowodowane jest to najcz\u0119\u015bciej zaistnia\u0142\u0105 sytuacj\u0105 prawn\u0105 po wykonanym zleceniu, przy czym wynagrodzenie za wykonane prace budowlane nie mo\u017ce zosta\u0107 wyegzekwowane, co mo\u017ce mie\u0107 wiele przyczyn.<\/p>\n<p>Nasza Kancelaria<\/p>\n<ul>\n<li>przygotowuje kompleksowe umowy o roboty budowlane \/ o dzie\u0142o, jak i \u015bwiadczy us\u0142ugi doradcze w tym zakresie.<\/li>\n<li>s\u0142u\u017cy pomoc\u0105 prawn\u0105 na ka\u017cdym etapie prowadzonych us\u0142ug budowlanych<\/li>\n<li>przygotowuje firmy budowlane przed rozpocz\u0119ciem dzia\u0142alno\u015bci gospodarczej na rynku niemieckim (w celu unikni\u0119cia typowych ra\u017c\u0105cych uchybie\u0144)<\/li>\n<\/ul>\n","protected":false},"excerpt":{"rendered":"<p>Niemieckie Prawo Budowlane Szczeg\u00f3lnie niebezpieczne dla dzia\u0142alno\u015bci gospodarczej \u015bwiadcz\u0105cej us\u0142ugi budowlane jest brak dog\u0142\u0119bnej znajomo\u015bci niemieckich przepis\u00f3w prawnych reguluj\u0105cych prawo [&hellip;]<\/p>\n","protected":false},"author":2,"featured_media":0,"parent":7,"menu_order":3,"comment_status":"open","ping_status":"open","template":"","meta":[],"_links":{"self":[{"href":"https:\/\/ra-dabrowski.de\/pl\/wp-json\/wp\/v2\/pages\/266"}],"collection":[{"href":"https:\/\/ra-dabrowski.de\/pl\/wp-json\/wp\/v2\/pages"}],"about":[{"href":"https:\/\/ra-dabrowski.de\/pl\/wp-json\/wp\/v2\/types\/page"}],"author":[{"embeddable":true,"href":"https:\/\/ra-dabrowski.de\/pl\/wp-json\/wp\/v2\/users\/2"}],"replies":[{"embeddable":true,"href":"https:\/\/ra-dabrowski.de\/pl\/wp-json\/wp\/v2\/comments?post=266"}],"version-history":[{"count":7,"href":"https:\/\/ra-dabrowski.de\/pl\/wp-json\/wp\/v2\/pages\/266\/revisions"}],"predecessor-version":[{"id":268,"href":"https:\/\/ra-dabrowski.de\/pl\/wp-json\/wp\/v2\/pages\/266\/revisions\/268"}],"up":[{"embeddable":true,"href":"https:\/\/ra-dabrowski.de\/pl\/wp-json\/wp\/v2\/pages\/7"}],"wp:attachment":[{"href":"https:\/\/ra-dabrowski.de\/pl\/wp-json\/wp\/v2\/media?parent=266"}],"curies":[{"name":"wp","href":"https:\/\/api.w.org\/{rel}","templated":true}]}}