{"id":273,"date":"2013-05-30T20:49:25","date_gmt":"2013-05-30T18:49:25","guid":{"rendered":"http:\/\/ra-dabrowski.de\/pl\/?page_id=273"},"modified":"2013-07-27T22:12:32","modified_gmt":"2013-07-27T20:12:32","slug":"prawo-transportowe","status":"publish","type":"page","link":"https:\/\/ra-dabrowski.de\/pl\/o-nas\/prawo-transportowe\/","title":{"rendered":"Prawo Transportowe"},"content":{"rendered":"<p><span style=\"color: #0000ff\"><strong>Niemieckie \/ Mi\u0119dzynarodowe Prawo Transportowe<\/strong><\/span><\/p>\n<p>W zakresie prawa transportowego reprezentujemy i doradzamy przedsi\u0119biorstwa transportowe wykonuj\u0105ce zlecenia na terenie Europy.<\/p>\n","protected":false},"excerpt":{"rendered":"<p>Niemieckie \/ Mi\u0119dzynarodowe Prawo Transportowe W zakresie prawa transportowego reprezentujemy i doradzamy przedsi\u0119biorstwa transportowe wykonuj\u0105ce zlecenia na terenie Europy.<\/p>\n","protected":false},"author":2,"featured_media":0,"parent":7,"menu_order":4,"comment_status":"open","ping_status":"open","template":"","meta":[],"_links":{"self":[{"href":"https:\/\/ra-dabrowski.de\/pl\/wp-json\/wp\/v2\/pages\/273"}],"collection":[{"href":"https:\/\/ra-dabrowski.de\/pl\/wp-json\/wp\/v2\/pages"}],"about":[{"href":"https:\/\/ra-dabrowski.de\/pl\/wp-json\/wp\/v2\/types\/page"}],"author":[{"embeddable":true,"href":"https:\/\/ra-dabrowski.de\/pl\/wp-json\/wp\/v2\/users\/2"}],"replies":[{"embeddable":true,"href":"https:\/\/ra-dabrowski.de\/pl\/wp-json\/wp\/v2\/comments?post=273"}],"version-history":[{"count":5,"href":"https:\/\/ra-dabrowski.de\/pl\/wp-json\/wp\/v2\/pages\/273\/revisions"}],"predecessor-version":[{"id":278,"href":"https:\/\/ra-dabrowski.de\/pl\/wp-json\/wp\/v2\/pages\/273\/revisions\/278"}],"up":[{"embeddable":true,"href":"https:\/\/ra-dabrowski.de\/pl\/wp-json\/wp\/v2\/pages\/7"}],"wp:attachment":[{"href":"https:\/\/ra-dabrowski.de\/pl\/wp-json\/wp\/v2\/media?parent=273"}],"curies":[{"name":"wp","href":"https:\/\/api.w.org\/{rel}","templated":true}]}}