{"id":286,"date":"2013-05-30T21:19:41","date_gmt":"2013-05-30T19:19:41","guid":{"rendered":"http:\/\/ra-dabrowski.de\/pl\/?page_id=286"},"modified":"2018-01-10T15:54:24","modified_gmt":"2018-01-10T13:54:24","slug":"prawo-budowlane","status":"publish","type":"page","link":"https:\/\/ra-dabrowski.de\/pl\/specjalizacja\/prawo-budowlane\/","title":{"rendered":"Prawo Budowlane"},"content":{"rendered":"<h2>Prawo Budowlane<\/h2>\n<p>Szczeg\u00f3lnie niebezpieczne dla dzia\u0142alno\u015bci gospodarczej \u015bwiadcz\u0105cej us\u0142ugi budowlane jest brak dog\u0142\u0119bnej znajomo\u015bci niemieckich przepis\u00f3w prawnych reguluj\u0105cych prawo budowlane takich jak niemiecki Kodeks Cywilny czy specjalne przepisy VOB. Zw\u0142aszcza nieprzestrzeganie tych ostatnich mo\u017ce doprowadzi\u0107 nawet do zagro\u017cenia jej bytu na rynku. Spowodowane jest to najcz\u0119\u015bciej zaistnia\u0142\u0105 sytuacj\u0105 prawn\u0105 po wykonanym zleceniu, przy czym wynagrodzenie za wykonane prace budowlane nie mo\u017ce zosta\u0107 wyegzekwowane, co mo\u017ce mie\u0107 wiele przyczyn.<\/p>\n<p>Nasza Kancelaria<\/p>\n<ul>\n<li>przygotowuje kompleksowe umowy o roboty budowlane \/ o dzie\u0142o, jak i \u015bwiadczy us\u0142ugi doradcze w tym zakresie.<\/li>\n<\/ul>\n","protected":false},"excerpt":{"rendered":"<p>Prawo Budowlane Szczeg\u00f3lnie niebezpieczne dla dzia\u0142alno\u015bci gospodarczej \u015bwiadcz\u0105cej us\u0142ugi budowlane jest brak dog\u0142\u0119bnej znajomo\u015bci niemieckich przepis\u00f3w prawnych reguluj\u0105cych prawo budowlane [&hellip;]<\/p>\n","protected":false},"author":2,"featured_media":0,"parent":17,"menu_order":3,"comment_status":"open","ping_status":"open","template":"","meta":[],"_links":{"self":[{"href":"https:\/\/ra-dabrowski.de\/pl\/wp-json\/wp\/v2\/pages\/286"}],"collection":[{"href":"https:\/\/ra-dabrowski.de\/pl\/wp-json\/wp\/v2\/pages"}],"about":[{"href":"https:\/\/ra-dabrowski.de\/pl\/wp-json\/wp\/v2\/types\/page"}],"author":[{"embeddable":true,"href":"https:\/\/ra-dabrowski.de\/pl\/wp-json\/wp\/v2\/users\/2"}],"replies":[{"embeddable":true,"href":"https:\/\/ra-dabrowski.de\/pl\/wp-json\/wp\/v2\/comments?post=286"}],"version-history":[{"count":6,"href":"https:\/\/ra-dabrowski.de\/pl\/wp-json\/wp\/v2\/pages\/286\/revisions"}],"predecessor-version":[{"id":290,"href":"https:\/\/ra-dabrowski.de\/pl\/wp-json\/wp\/v2\/pages\/286\/revisions\/290"}],"up":[{"embeddable":true,"href":"https:\/\/ra-dabrowski.de\/pl\/wp-json\/wp\/v2\/pages\/17"}],"wp:attachment":[{"href":"https:\/\/ra-dabrowski.de\/pl\/wp-json\/wp\/v2\/media?parent=286"}],"curies":[{"name":"wp","href":"https:\/\/api.w.org\/{rel}","templated":true}]}}