{"id":378,"date":"2022-08-07T18:35:47","date_gmt":"2022-08-07T16:35:47","guid":{"rendered":"http:\/\/ra-dabrowski.de\/pl\/?page_id=378"},"modified":"2022-08-07T19:13:17","modified_gmt":"2022-08-07T17:13:17","slug":"oferta-dla-firm","status":"publish","type":"page","link":"https:\/\/ra-dabrowski.de\/pl\/oferta-dla-firm\/","title":{"rendered":"oferta dla firm"},"content":{"rendered":"\n<p>Kancelaria Dabrowski specjalizuje si\u0119 w kompleksowej obs\u0142udze podmiot\u00f3w gospodarczych. Swoje us\u0142ugi \u015bwiadczymy w nowoczesnej formie wychodz\u0105c naprzeciw oczekiwaniom rynku.<\/p>\n\n\n\n<p>&#8211; Przygotowanie um\u00f3w sp\u00f3\u0142ek, rejestracja w Krajowym Rejestrze S\u0105dowym,<br>&#8211; Przekszta\u0142canie sp\u00f3\u0142ek prawa handlowego w inne sp\u00f3\u0142ki, sp\u00f3\u0142ek cywilnych oraz firm jednoosobowych w sp\u00f3\u0142ki prawa handlowego,<br>&#8211; Bie\u017c\u0105ca obs\u0142uga prawna przedsi\u0119biorstw,<br>&#8211; Prowadzenie spor\u00f3w na etapie przeds\u0105dowym oraz s\u0105dowym przed s\u0105dami powszechnymi wszystkich instancji.<\/p>\n\n\n\n<p>Dla firm oferujemy kompleksow\u0105 pomoc prawn\u0105 w ka\u017cdym zakresie: od przygotowywania i negocjacji ka\u017cdego rodzaju um\u00f3w (handlowych, o prace &#8230;) poprzez utrzymywanie przedsi\u0119piorstwa na najnowszym stanie prawnym a\u017c po pomoc w dochodzeniu roszcze\u0144 w Niemczech i Polsce.<\/p>\n\n\n\n<p>Ponadto pomagamy w zak\u0142adaniu sp\u00f3\u0142ek i dzia\u0142alno\u015bci gospodarczych, przy czym reprezentujemy Pa\u0144stwa sp\u00f3\u0142k\u0119 przed urz\u0119dami i wszystkimi innym instytucjami jak np. izb\u0105 handlowo-przemys\u0142ow\u0105.<\/p>\n\n\n\n<p>Nasz\u0105 rozszerzon\u0105 dzia\u0142alno\u015b\u0107 oraz kompleksow\u0105 obs\u0142ug\u0119 prawn\u0105 zawdzi\u0119czamy bliskiej wsp\u00f3\u0142pracy z notariuszami, kancelariami doradztwa podatkowego i gospodarczego jak i r\u00f3wnie\u017c &nbsp;polskimi kancelariami prawnymi.<\/p>\n","protected":false},"excerpt":{"rendered":"<p>Kancelaria Dabrowski specjalizuje si\u0119 w kompleksowej obs\u0142udze podmiot\u00f3w gospodarczych. Swoje us\u0142ugi \u015bwiadczymy w nowoczesnej formie wychodz\u0105c naprzeciw oczekiwaniom rynku. &#8211; [&hellip;]<\/p>\n","protected":false},"author":2,"featured_media":0,"parent":0,"menu_order":0,"comment_status":"open","ping_status":"open","template":"","meta":[],"_links":{"self":[{"href":"https:\/\/ra-dabrowski.de\/pl\/wp-json\/wp\/v2\/pages\/378"}],"collection":[{"href":"https:\/\/ra-dabrowski.de\/pl\/wp-json\/wp\/v2\/pages"}],"about":[{"href":"https:\/\/ra-dabrowski.de\/pl\/wp-json\/wp\/v2\/types\/page"}],"author":[{"embeddable":true,"href":"https:\/\/ra-dabrowski.de\/pl\/wp-json\/wp\/v2\/users\/2"}],"replies":[{"embeddable":true,"href":"https:\/\/ra-dabrowski.de\/pl\/wp-json\/wp\/v2\/comments?post=378"}],"version-history":[{"count":3,"href":"https:\/\/ra-dabrowski.de\/pl\/wp-json\/wp\/v2\/pages\/378\/revisions"}],"predecessor-version":[{"id":514,"href":"https:\/\/ra-dabrowski.de\/pl\/wp-json\/wp\/v2\/pages\/378\/revisions\/514"}],"wp:attachment":[{"href":"https:\/\/ra-dabrowski.de\/pl\/wp-json\/wp\/v2\/media?parent=378"}],"curies":[{"name":"wp","href":"https:\/\/api.w.org\/{rel}","templated":true}]}}